{"id":573,"date":"2020-06-25T10:19:55","date_gmt":"2020-06-25T10:19:55","guid":{"rendered":"https:\/\/yuzuassets.com?page_id=573"},"modified":"2021-04-17T04:05:08","modified_gmt":"2021-04-17T04:05:08","slug":"kontakt","status":"publish","type":"page","link":"https:\/\/yuzuassets.com\/en\/kontakt\/","title":{"rendered":"Contact"},"content":{"rendered":"<div data-elementor-type=\"wp-page\" data-elementor-id=\"573\" class=\"elementor elementor-573\" data-elementor-settings=\"[]\">\n\t\t\t\t\t\t<div class=\"elementor-inner\">\n\t\t\t\t\t\t\t<div class=\"elementor-section-wrap\">\n\t\t\t\t\t\t\t<section class=\"elementor-section elementor-top-section elementor-element elementor-element-62848af elementor-section-stretched elementor-section-full_width new-rifat-contact-option elementor-section-height-default elementor-section-height-default\" data-id=\"62848af\" data-element_type=\"section\" data-settings=\"{&quot;stretch_section&quot;:&quot;section-stretched&quot;}\">\n\t\t\t\t\t\t<div class=\"elementor-container elementor-column-gap-default\">\n\t\t\t\t\t\t\t<div class=\"elementor-row\">\n\t\t\t\t\t<div class=\"elementor-column elementor-col-100 elementor-top-column elementor-element elementor-element-a9c57ee\" data-id=\"a9c57ee\" data-element_type=\"column\">\n\t\t\t<div class=\"elementor-column-wrap elementor-element-populated\">\n\t\t\t\t\t\t\t<div class=\"elementor-widget-wrap\">\n\t\t\t\t\t\t<div class=\"elementor-element elementor-element-f920b26 elementor-widget elementor-widget-fioonca_contact_info\" data-id=\"f920b26\" data-element_type=\"widget\" data-widget_type=\"fioonca_contact_info.default\">\n\t\t\t\t<div class=\"elementor-widget-container\">\n\t\t\t\t\t<!-- contact-information -->\n\t\t<section class=\"contact-information centred\">\n\t\t\t<div class=\"auto-container\">\n\t\t\t\t<div class=\"sec-title right\">\n\t\t\t\t\t<h5>CONTACT US<\/h5>\n\t\t\t\t\t<h2 class=\"heading\">We provide a comprehensive customer service<br> Individuals and businesses - join us!<\/h2>\n\t\t\t\t<\/div>\n\t\t\t\t<div class=\"row clearfix\">\n\t\t\t\t\t\t\t\t\t\t\t<div class=\"col-lg-4 col-md-6 col-sm-12 single-column\">\n\t\t\t\t\t\t\t<div class=\"single-item wow fadeInLeft\" data-wow-delay=\"0ms\" data-wow-duration=\"1500ms\">\n\t\t\t\t\t\t\t\t<div class=\"inner-box\">\n\t\t\t\t\t\t\t\t\t<div class=\"icon-box\"><\/div>\n\t\t\t\t\t\t\t\t\t<h3>Company address<\/h3>\n\t\t\t\t\t\t\t\t\t<p><p>Ul.Chmielna 73 C lok.39<br>00-801 Warszawa, Polska<\/p>\n<\/p>\n\t\t\t\t\t\t\t\t<\/div>\n\t\t\t\t\t\t\t<\/div>\n\t\t\t\t\t\t<\/div> \t\t\t\t\t\t<div class=\"col-lg-4 col-md-6 col-sm-12 single-column\">\n\t\t\t\t\t\t\t<div class=\"single-item wow fadeInLeft\" data-wow-delay=\"0ms\" data-wow-duration=\"1500ms\">\n\t\t\t\t\t\t\t\t<div class=\"inner-box\">\n\t\t\t\t\t\t\t\t\t<div class=\"icon-box\"><\/div>\n\t\t\t\t\t\t\t\t\t<h3>Telephone contact<\/h3>\n\t\t\t\t\t\t\t\t\t<p><p>Polska  <a href=\"tel: 48515555302\">+48 515 555 302<\/a><\/p>\n<p>USA  <a href=\"tel: 12134194802\">+1 (213)419-4802<\/a><\/p><\/p>\n\t\t\t\t\t\t\t\t<\/div>\n\t\t\t\t\t\t\t<\/div>\n\t\t\t\t\t\t<\/div> \t\t\t\t\t\t<div class=\"col-lg-4 col-md-6 col-sm-12 single-column\">\n\t\t\t\t\t\t\t<div class=\"single-item wow fadeInLeft\" data-wow-delay=\"0ms\" data-wow-duration=\"1500ms\">\n\t\t\t\t\t\t\t\t<div class=\"inner-box\">\n\t\t\t\t\t\t\t\t\t<div class=\"icon-box\"><\/div>\n\t\t\t\t\t\t\t\t\t<h3>E-mail address<\/h3>\n\t\t\t\t\t\t\t\t\t<p><p><a href=\"mailto:contact@yuzuassets.com\">contact@yuzuassets.com<\/a><\/p>\n\t\t\t\t\t\t\t\t<\/div>\n\t\t\t\t\t\t\t<\/div>\n\t\t\t\t\t\t<\/div> \n\t\t\t\t<\/div>\n\t\t\t<\/div>\n\t\t<\/section>\n\t\t<!-- contact-information end -->\n\t\t\t\t<\/div>\n\t\t\t\t<\/div>\n\t\t\t\t\t\t<\/div>\n\t\t\t\t\t<\/div>\n\t\t<\/div>\n\t\t\t\t\t\t\t\t<\/div>\n\t\t\t\t\t<\/div>\n\t\t<\/section>\n\t\t\t\t<section class=\"elementor-section elementor-top-section elementor-element elementor-element-ac3e13c elementor-section-stretched elementor-section-full_width elementor-hidden-phone elementor-section-height-default elementor-section-height-default\" data-id=\"ac3e13c\" data-element_type=\"section\" data-settings=\"{&quot;stretch_section&quot;:&quot;section-stretched&quot;}\">\n\t\t\t\t\t\t<div class=\"elementor-container elementor-column-gap-default\">\n\t\t\t\t\t\t\t<div class=\"elementor-row\">\n\t\t\t\t\t<div class=\"elementor-column elementor-col-100 elementor-top-column elementor-element elementor-element-6ac98d4\" data-id=\"6ac98d4\" data-element_type=\"column\">\n\t\t\t<div class=\"elementor-column-wrap elementor-element-populated\">\n\t\t\t\t\t\t\t<div class=\"elementor-widget-wrap\">\n\t\t\t\t\t\t<div class=\"elementor-element elementor-element-2b58afd elementor-widget elementor-widget-fionca_world_cyber\" data-id=\"2b58afd\" data-element_type=\"widget\" data-widget_type=\"fionca_world_cyber.default\">\n\t\t\t\t<div class=\"elementor-widget-container\">\n\t\t\t\t\t<!-- Style 1 -->\n\n\t\t<section class=\"world-cyber about-page-1\">\n\n\t\t\t<div class=\"pattern-layer\" style=\"background-image: url(https:\/\/yuzuassets.com\/wp-content\/uploads\/2020\/12\/obszar-dzialania-yuzu-assets.png);\"><\/div>\n\t\t\t<div class=\"auto-container\">\n\t\t\t\t<div class=\"sec-title centred\">\n\t\t\t\t\t<h5>WE ARE EXPANDING ON MANY CONTINENTS<\/h5>\n\t\t\t\t\t<h2 class=\"heading\">Find out where you can find us<\/h2>\n\t\t\t\t<\/div>\n\t\t\t\t<div class=\"office-location\">\n\t\t\t\t\t<div class=\"location-area\">\n\t\t\t\t\t\t\t\t\t\t\t\t\t<div class=\"location-box\">\n\t\t\t\t\t\t\t\t<div class=\"address-box\">\n\t\t\t\t\t\t\t\t\t<figure class=\"icon-box\"><img src=\"https:\/\/yuzuassets.com\/wp-content\/uploads\/2020\/12\/yuzu-favicon-e1608263820504.png\" title=\"\" alt=\"\" \/><\/figure>\n\t\t\t\t\t\t\t\t\t<p>Stany Zjednoczone<\/p>\n\t\t\t\t\t\t\t\t<\/div>\n\t\t\t\t\t\t\t<\/div>\n\t\t\t\t\t\t\t\t\t\t\t\t\t<div class=\"location-box\">\n\t\t\t\t\t\t\t\t<div class=\"address-box\">\n\t\t\t\t\t\t\t\t\t<figure class=\"icon-box\"><img src=\"https:\/\/yuzuassets.com\/wp-content\/uploads\/2020\/12\/yuzu-favicon-e1608263820504.png\" title=\"\" alt=\"\" \/><\/figure>\n\t\t\t\t\t\t\t\t\t<p>Panama<\/p>\n\t\t\t\t\t\t\t\t<\/div>\n\t\t\t\t\t\t\t<\/div>\n\t\t\t\t\t\t\t\t\t\t\t\t\t<div class=\"location-box\">\n\t\t\t\t\t\t\t\t<div class=\"address-box\">\n\t\t\t\t\t\t\t\t\t<figure class=\"icon-box\"><img src=\"https:\/\/yuzuassets.com\/wp-content\/uploads\/2020\/12\/yuzu-favicon-e1608263820504.png\" title=\"\" alt=\"\" \/><\/figure>\n\t\t\t\t\t\t\t\t\t<p>Wielka Brytania<\/p>\n\t\t\t\t\t\t\t\t<\/div>\n\t\t\t\t\t\t\t<\/div>\n\t\t\t\t\t\t\t\t\t\t\t\t\t<div class=\"location-box\">\n\t\t\t\t\t\t\t\t<div class=\"address-box\">\n\t\t\t\t\t\t\t\t\t<figure class=\"icon-box\"><img src=\"https:\/\/yuzuassets.com\/wp-content\/uploads\/2020\/12\/yuzu-favicon-e1608263820504.png\" title=\"\" alt=\"\" \/><\/figure>\n\t\t\t\t\t\t\t\t\t<p>Polska<\/p>\n\t\t\t\t\t\t\t\t<\/div>\n\t\t\t\t\t\t\t<\/div>\n\t\t\t\t\t\t\t\t\t\t\t\t\t<div class=\"location-box\">\n\t\t\t\t\t\t\t\t<div class=\"address-box\">\n\t\t\t\t\t\t\t\t\t<figure class=\"icon-box\"><img src=\"https:\/\/yuzuassets.com\/wp-content\/uploads\/2020\/12\/yuzu-favicon-e1608263820504.png\" title=\"\" alt=\"\" \/><\/figure>\n\t\t\t\t\t\t\t\t\t<p>Indonezja<\/p>\n\t\t\t\t\t\t\t\t<\/div>\n\t\t\t\t\t\t\t<\/div>\n\t\t\t\t\t\t\t\t\t\t\t\t\t\n\t\t\t\t\t<\/div>\n\t\t\t\t<\/div>\n\t\t\t<\/div>\n\t\t<\/section>\n\t\t<!-- world-cyber end -->\n\t\t\t\t<\/div>\n\t\t\t\t<\/div>\n\t\t\t\t\t\t<\/div>\n\t\t\t\t\t<\/div>\n\t\t<\/div>\n\t\t\t\t\t\t\t\t<\/div>\n\t\t\t\t\t<\/div>\n\t\t<\/section>\n\t\t\t\t<section class=\"elementor-section elementor-top-section elementor-element elementor-element-522bfdb elementor-section-stretched elementor-section-full_width elementor-section-height-default elementor-section-height-default\" data-id=\"522bfdb\" data-element_type=\"section\" data-settings=\"{&quot;stretch_section&quot;:&quot;section-stretched&quot;}\">\n\t\t\t\t\t\t<div class=\"elementor-container elementor-column-gap-default\">\n\t\t\t\t\t\t\t<div class=\"elementor-row\">\n\t\t\t\t\t<div class=\"elementor-column elementor-col-100 elementor-top-column elementor-element elementor-element-0512ccc\" data-id=\"0512ccc\" data-element_type=\"column\">\n\t\t\t<div class=\"elementor-column-wrap elementor-element-populated\">\n\t\t\t\t\t\t\t<div class=\"elementor-widget-wrap\">\n\t\t\t\t\t\t<div class=\"elementor-element elementor-element-0d66eab elementor-widget elementor-widget-fionca_contact_form\" data-id=\"0d66eab\" data-element_type=\"widget\" data-widget_type=\"fionca_contact_form.default\">\n\t\t\t\t<div class=\"elementor-widget-container\">\n\t\t\t <!-- contact-section -->\n\t\t\t\t\t\t<!-- contact-style-two -->\n\t<section class=\"contact-style-two\" style=\"background-image: url(https:\/\/yuzuassets.com\/wp-content\/uploads\/2020\/12\/kontakt_yuzu-assets.jpg);\">\n\t\t<div class=\"auto-container\">\n\t\t\t<div class=\"col-xl-12 col-lg-12 col-md-12 inner-column\">\n\t\t\t\t<div class=\"sec-title left light\">\n\t\t\t\t\t<h2 class=\"heading\">Ask for details<\/h2>\n\t\t\t\t\t<p>If you would like to find out more about the services we offer<br>our services, call us or fill in the contact form below.<\/p>\n\t\t\t\t<\/div>\n\t\t\t\t\t\t[contact-form-7 404 \"Not Found\"]\t\t\t<\/div>\n\t\t<\/div>\n\t<\/section>\n\t\t\t\t\t<\/div>\n\t\t\t\t<\/div>\n\t\t\t\t\t\t<\/div>\n\t\t\t\t\t<\/div>\n\t\t<\/div>\n\t\t\t\t\t\t\t\t<\/div>\n\t\t\t\t\t<\/div>\n\t\t<\/section>\n\t\t\t\t<section class=\"elementor-section elementor-top-section elementor-element elementor-element-bc70e2d elementor-section-stretched elementor-section-full_width elementor-section-height-default elementor-section-height-default\" data-id=\"bc70e2d\" data-element_type=\"section\" data-settings=\"{&quot;stretch_section&quot;:&quot;section-stretched&quot;}\">\n\t\t\t\t\t\t<div class=\"elementor-container elementor-column-gap-default\">\n\t\t\t\t\t\t\t<div class=\"elementor-row\">\n\t\t\t\t\t<div class=\"elementor-column elementor-col-100 elementor-top-column elementor-element elementor-element-a17e7c9\" data-id=\"a17e7c9\" data-element_type=\"column\">\n\t\t\t<div class=\"elementor-column-wrap elementor-element-populated\">\n\t\t\t\t\t\t\t<div class=\"elementor-widget-wrap\">\n\t\t\t\t\t\t<div class=\"elementor-element elementor-element-6cf527c elementor-widget elementor-widget-google_maps\" data-id=\"6cf527c\" data-element_type=\"widget\" data-widget_type=\"google_maps.default\">\n\t\t\t\t<div class=\"elementor-widget-container\">\n\t\t\t<div class=\"elementor-custom-embed\"><iframe frameborder=\"0\" scrolling=\"no\" marginheight=\"0\" marginwidth=\"0\" src=\"https:\/\/maps.google.com\/maps?q=ul.%20Chmielna%2073%20C%20lok.%2039%2C%20Warszawa&amp;t=m&amp;z=13&amp;output=embed&amp;iwloc=near\" title=\"ul. Chmielna 73 C lok. 39, Warszawa\" aria-label=\"ul. Chmielna 73 C lok. 39, Warszawa\"><\/iframe><\/div>\t\t<\/div>\n\t\t\t\t<\/div>\n\t\t\t\t<div class=\"elementor-element elementor-element-41d4d6b elementor-widget elementor-widget-fionca_clients\" data-id=\"41d4d6b\" data-element_type=\"widget\" data-widget_type=\"fionca_clients.default\">\n\t\t\t\t<div class=\"elementor-widget-container\">\n\t\t\t\t\t\t\t\t<section class=\"clients-section\">\n\t\t\t\t<div class=\"auto-container\">\n\t\t\t\t\t<div class=\"clients-carousel owl-carousel owl-theme owl-dots-none owl-nav-none\">\n\t\t\t\t\t\t\n\t\t\t\t\t\t\t<figure class=\"client-logo\"><a href=\"http:\/\/lionslegal.pl\"  target=\"_blank\"  rel=\"nofollow\"><img src=\"https:\/\/yuzuassets.com\/wp-content\/uploads\/2021\/01\/lions-legal-logo1.png\" title=\"\" alt=\"Lion's legal\" \/><\/a><\/figure>\n\t\t\t\t\t\t\n\t\t\t\t\t\t\t<figure class=\"client-logo\"><a href=\"http:\/\/centersolutions.pl\"  target=\"_blank\"  rel=\"nofollow\"><img src=\"https:\/\/yuzuassets.com\/wp-content\/uploads\/2021\/01\/center_logo-3-e1609800713317.png\" title=\"\" alt=\"center solutions\" \/><\/a><\/figure>\n\t\t\t\t\t\t\n\t\t\t\t\t\t\t<figure class=\"client-logo\"><a href=\"http:\/\/dreamisland.pl\"  target=\"_blank\"  rel=\"nofollow\"><img src=\"https:\/\/yuzuassets.com\/wp-content\/uploads\/2020\/12\/dream_logo-1.png\" title=\"\" alt=\"dream island\" \/><\/a><\/figure>\n\t\t\t\t\t\t\n\t\t\t\t\t\t\t<figure class=\"client-logo\"><a href=\"http:\/\/yourtime.is\"  target=\"_blank\"  rel=\"nofollow\"><img src=\"https:\/\/yuzuassets.com\/wp-content\/uploads\/2020\/12\/yourtime.png\" title=\"\" alt=\"yourtime\" \/><\/a><\/figure>\n\t\t\t\t\t\t\n\t\t\t\t\t<\/div>\n\t\t\t\t<\/div>\n\t\t\t<\/section>\n\t\t\t<!-- clients-section end -->\n\t\t\t\t\t\t<\/div>\n\t\t\t\t<\/div>\n\t\t\t\t\t\t<\/div>\n\t\t\t\t\t<\/div>\n\t\t<\/div>\n\t\t\t\t\t\t\t\t<\/div>\n\t\t\t\t\t<\/div>\n\t\t<\/section>\n\t\t\t\t\t\t<\/div>\n\t\t\t\t\t\t<\/div>\n\t\t\t\t\t<\/div>","protected":false},"excerpt":{"rendered":"<p>SKONTAKTUJ SI\u0118 Z NAMI Zapewniamy kompleksow\u0105 obs\u0142ug\u0119 klient\u00f3w indywidualnych i biznesowych &#8211; do\u0142\u0105cz do nas! Adres firmy Ul.Chmielna 73 C <span>&#8230;<\/span><\/p>","protected":false},"author":1,"featured_media":3300,"parent":0,"menu_order":0,"comment_status":"closed","ping_status":"closed","template":"elementor_header_footer","meta":[],"yoast_head":"<!-- This site is optimized with the Yoast SEO plugin v15.5 - https:\/\/yoast.com\/wordpress\/plugins\/seo\/ -->\n<title>Kontakt - YUZU ASSETS<\/title>\n<meta name=\"robots\" content=\"noindex, follow, max-snippet:-1, max-image-preview:large, max-video-preview:-1\" \/>\n<meta property=\"og:locale\" content=\"en_GB\" \/>\n<meta property=\"og:type\" content=\"article\" \/>\n<meta property=\"og:title\" content=\"Kontakt - YUZU ASSETS\" \/>\n<meta property=\"og:description\" content=\"SKONTAKTUJ SI\u0118 Z NAMI Zapewniamy kompleksow\u0105 obs\u0142ug\u0119 klient\u00f3w indywidualnych i biznesowych &#8211; do\u0142\u0105cz do nas! Adres firmy Ul.Chmielna 73 C ...\" \/>\n<meta property=\"og:url\" content=\"https:\/\/yuzuassets.com\/en\/kontakt\/\" \/>\n<meta property=\"og:site_name\" content=\"YUZU ASSETS\" \/>\n<meta property=\"article:modified_time\" content=\"2021-04-17T04:05:08+00:00\" \/>\n<meta property=\"og:image\" content=\"https:\/\/yuzuassets.com\/wp-content\/uploads\/2020\/12\/szerokibanner.jpg\" \/>\n\t<meta property=\"og:image:width\" content=\"1920\" \/>\n\t<meta property=\"og:image:height\" content=\"281\" \/>\n<meta name=\"twitter:card\" content=\"summary_large_image\" \/>\n<meta name=\"twitter:label1\" content=\"Estimated reading time\">\n\t<meta name=\"twitter:data1\" content=\"0 minutes\">\n<script type=\"application\/ld+json\" class=\"yoast-schema-graph\">{\"@context\":\"https:\/\/schema.org\",\"@graph\":[{\"@type\":\"WebSite\",\"@id\":\"https:\/\/yuzuassets.com\/#website\",\"url\":\"https:\/\/yuzuassets.com\/\",\"name\":\"YUZU ASSETS\",\"description\":\"Inwestycje, zarz\\u0105dzanie i po\\u015brednictwo\",\"potentialAction\":[{\"@type\":\"SearchAction\",\"target\":\"https:\/\/yuzuassets.com\/?s={search_term_string}\",\"query-input\":\"required name=search_term_string\"}],\"inLanguage\":\"en-GB\"},{\"@type\":\"ImageObject\",\"@id\":\"https:\/\/yuzuassets.com\/kontakt\/#primaryimage\",\"inLanguage\":\"en-GB\",\"url\":\"https:\/\/yuzuassets.com\/wp-content\/uploads\/2020\/12\/szerokibanner.jpg\",\"width\":1920,\"height\":281},{\"@type\":\"WebPage\",\"@id\":\"https:\/\/yuzuassets.com\/kontakt\/#webpage\",\"url\":\"https:\/\/yuzuassets.com\/kontakt\/\",\"name\":\"Kontakt - YUZU ASSETS\",\"isPartOf\":{\"@id\":\"https:\/\/yuzuassets.com\/#website\"},\"primaryImageOfPage\":{\"@id\":\"https:\/\/yuzuassets.com\/kontakt\/#primaryimage\"},\"datePublished\":\"2020-06-25T10:19:55+00:00\",\"dateModified\":\"2021-04-17T04:05:08+00:00\",\"inLanguage\":\"en-GB\",\"potentialAction\":[{\"@type\":\"ReadAction\",\"target\":[\"https:\/\/yuzuassets.com\/kontakt\/\"]}]}]}<\/script>\n<!-- \/ Yoast SEO plugin. -->","_links":{"self":[{"href":"https:\/\/yuzuassets.com\/en\/wp-json\/wp\/v2\/pages\/573"}],"collection":[{"href":"https:\/\/yuzuassets.com\/en\/wp-json\/wp\/v2\/pages"}],"about":[{"href":"https:\/\/yuzuassets.com\/en\/wp-json\/wp\/v2\/types\/page"}],"author":[{"embeddable":true,"href":"https:\/\/yuzuassets.com\/en\/wp-json\/wp\/v2\/users\/1"}],"replies":[{"embeddable":true,"href":"https:\/\/yuzuassets.com\/en\/wp-json\/wp\/v2\/comments?post=573"}],"version-history":[{"count":38,"href":"https:\/\/yuzuassets.com\/en\/wp-json\/wp\/v2\/pages\/573\/revisions"}],"predecessor-version":[{"id":5595,"href":"https:\/\/yuzuassets.com\/en\/wp-json\/wp\/v2\/pages\/573\/revisions\/5595"}],"wp:featuredmedia":[{"embeddable":true,"href":"https:\/\/yuzuassets.com\/en\/wp-json\/wp\/v2\/media\/3300"}],"wp:attachment":[{"href":"https:\/\/yuzuassets.com\/en\/wp-json\/wp\/v2\/media?parent=573"}],"curies":[{"name":"wp","href":"https:\/\/api.w.org\/{rel}","templated":true}]}}